{"id":1408,"date":"2025-02-11T01:26:04","date_gmt":"2025-02-11T04:26:04","guid":{"rendered":"https:\/\/naturaljuice.com.ar\/njrn\/?page_id=1408"},"modified":"2025-08-07T23:19:38","modified_gmt":"2025-08-08T02:19:38","slug":"certificaciones","status":"publish","type":"page","link":"https:\/\/naturaljuice.com.ar\/njrn\/?page_id=1408","title":{"rendered":"Certificaciones"},"content":{"rendered":"\t\t<div data-elementor-type=\"wp-page\" data-elementor-id=\"1408\" class=\"elementor elementor-1408\" data-elementor-post-type=\"page\">\n\t\t\t\t<div class=\"elementor-element elementor-element-4fc19d5 e-flex e-con-boxed e-con e-parent\" data-id=\"4fc19d5\" data-element_type=\"container\" data-e-type=\"container\" data-settings=\"{&quot;background_background&quot;:&quot;classic&quot;}\">\n\t\t\t\t\t<div class=\"e-con-inner\">\n\t\t\t\t<div class=\"elementor-element elementor-element-795eb5a elementor-widget-divider--view-line elementor-widget elementor-widget-divider\" data-id=\"795eb5a\" data-element_type=\"widget\" data-e-type=\"widget\" data-widget_type=\"divider.default\">\n\t\t\t\t<div class=\"elementor-widget-container\">\n\t\t\t\t\t\t\t<div class=\"elementor-divider\">\n\t\t\t<span class=\"elementor-divider-separator\">\n\t\t\t\t\t\t<\/span>\n\t\t<\/div>\n\t\t\t\t\t\t<\/div>\n\t\t\t\t<\/div>\n\t\t<div class=\"elementor-element elementor-element-b6d3ad0 e-con-full e-flex e-con e-child\" data-id=\"b6d3ad0\" data-element_type=\"container\" data-e-type=\"container\">\n\t\t\t\t<div class=\"elementor-element elementor-element-437ae31 elementor-widget elementor-widget-heading\" data-id=\"437ae31\" data-element_type=\"widget\" data-e-type=\"widget\" data-widget_type=\"heading.default\">\n\t\t\t\t<div class=\"elementor-widget-container\">\n\t\t\t\t\t<h1 class=\"elementor-heading-title elementor-size-default\">CERTIFICACIONES<\/h1>\t\t\t\t<\/div>\n\t\t\t\t<\/div>\n\t\t\t\t<\/div>\n\t\t\t\t\t<\/div>\n\t\t\t\t<\/div>\n\t\t<div class=\"elementor-element elementor-element-b2a5a8c e-flex e-con-boxed e-con e-parent\" data-id=\"b2a5a8c\" data-element_type=\"container\" data-e-type=\"container\">\n\t\t\t\t\t<div class=\"e-con-inner\">\n\t\t\t\t<div class=\"elementor-element elementor-element-9f80bbb elementor-widget elementor-widget-text-editor\" data-id=\"9f80bbb\" data-element_type=\"widget\" data-e-type=\"widget\" data-widget_type=\"text-editor.default\">\n\t\t\t\t<div class=\"elementor-widget-container\">\n\t\t\t\t\t\t\t\t\t<p>Natural Juice SA cuenta con un equipo de trabajo de amplia experiencia y profesionalismo para tratar asuntos de control y aseguramiento de calidad, cumplimiento Legal, est\u00e1ndares de producci\u00f3n, aprobaci\u00f3n de proveedores y muchos otros factores involucrados en el suministro de ingredientes a las mejores compa\u00f1\u00edas de alimentos y bebidas del mundo.<\/p>\t\t\t\t\t\t\t\t<\/div>\n\t\t\t\t<\/div>\n\t\t\t\t\t<\/div>\n\t\t\t\t<\/div>\n\t\t<div class=\"elementor-element elementor-element-c239e13 e-flex e-con-boxed e-con e-parent\" data-id=\"c239e13\" data-element_type=\"container\" data-e-type=\"container\">\n\t\t\t\t\t<div class=\"e-con-inner\">\n\t\t<div class=\"elementor-element elementor-element-4476248 e-con-full e-flex e-con e-child\" data-id=\"4476248\" data-element_type=\"container\" data-e-type=\"container\">\n\t\t\t\t<div class=\"elementor-element elementor-element-b25a6d2 elementor-widget elementor-widget-text-editor\" data-id=\"b25a6d2\" data-element_type=\"widget\" data-e-type=\"widget\" data-widget_type=\"text-editor.default\">\n\t\t\t\t<div class=\"elementor-widget-container\">\n\t\t\t\t\t\t\t\t\t<h3><strong>FSSC 2200<\/strong><\/h3><p>FSSC 2200 es un esquema reconocido por la GFSI (Global Safety Initiave) que otorga un marco integral para garantizar la seguridad alimentaria y as\u00ed lograr confianza y fidelizaci\u00f3n de clientes y el mercado general.<\/p><h4><strong>Descargar Certificado<\/strong><\/h4><ul><li><strong><a href=\"https:\/\/naturaljuice.com.ar\/njrn\/wp-content\/uploads\/2025\/07\/FSSC-v6-NATURAL-JUICE-RECER-AGOS-24-Espanol.pdf\" target=\"_blank\" rel=\"noopener\">IRAM <img decoding=\"async\" class=\"alignnone wp-image-1841\" src=\"https:\/\/naturaljuice.com.ar\/njrn\/wp-content\/uploads\/2025\/07\/pdf-logo.png\" alt=\"\" width=\"22\" height=\"22\" srcset=\"https:\/\/naturaljuice.com.ar\/njrn\/wp-content\/uploads\/2025\/07\/pdf-logo.png 900w, https:\/\/naturaljuice.com.ar\/njrn\/wp-content\/uploads\/2025\/07\/pdf-logo-300x300.png 300w, https:\/\/naturaljuice.com.ar\/njrn\/wp-content\/uploads\/2025\/07\/pdf-logo-150x150.png 150w, https:\/\/naturaljuice.com.ar\/njrn\/wp-content\/uploads\/2025\/07\/pdf-logo-768x768.png 768w, https:\/\/naturaljuice.com.ar\/njrn\/wp-content\/uploads\/2025\/07\/pdf-logo-12x12.png 12w\" sizes=\"(max-width: 22px) 100vw, 22px\" \/><\/a><\/strong><\/li><\/ul>\t\t\t\t\t\t\t\t<\/div>\n\t\t\t\t<\/div>\n\t\t\t\t<\/div>\n\t\t<div class=\"elementor-element elementor-element-5cc553b e-con-full e-flex e-con e-child\" data-id=\"5cc553b\" data-element_type=\"container\" data-e-type=\"container\">\n\t\t\t\t<div class=\"elementor-element elementor-element-dd7c3dd elementor-hidden-mobile elementor-widget elementor-widget-spacer\" data-id=\"dd7c3dd\" data-element_type=\"widget\" data-e-type=\"widget\" data-widget_type=\"spacer.default\">\n\t\t\t\t<div class=\"elementor-widget-container\">\n\t\t\t\t\t\t\t<div class=\"elementor-spacer\">\n\t\t\t<div class=\"elementor-spacer-inner\"><\/div>\n\t\t<\/div>\n\t\t\t\t\t\t<\/div>\n\t\t\t\t<\/div>\n\t\t\t\t<div class=\"elementor-element elementor-element-a089537 elementor-widget elementor-widget-image\" data-id=\"a089537\" data-element_type=\"widget\" data-e-type=\"widget\" data-widget_type=\"image.default\">\n\t\t\t\t<div class=\"elementor-widget-container\">\n\t\t\t\t\t\t\t\t\t\t\t\t\t\t\t<img decoding=\"async\" width=\"300\" height=\"102\" src=\"https:\/\/naturaljuice.com.ar\/njrn\/wp-content\/uploads\/2025\/08\/IRAM_FSSC-300x102.png\" class=\"attachment-medium size-medium wp-image-1948\" alt=\"\" srcset=\"https:\/\/naturaljuice.com.ar\/njrn\/wp-content\/uploads\/2025\/08\/IRAM_FSSC-300x102.png 300w, https:\/\/naturaljuice.com.ar\/njrn\/wp-content\/uploads\/2025\/08\/IRAM_FSSC-18x6.png 18w, https:\/\/naturaljuice.com.ar\/njrn\/wp-content\/uploads\/2025\/08\/IRAM_FSSC.png 404w\" sizes=\"(max-width: 300px) 100vw, 300px\" \/>\t\t\t\t\t\t\t\t\t\t\t\t\t\t\t<\/div>\n\t\t\t\t<\/div>\n\t\t\t\t<\/div>\n\t\t\t\t\t<\/div>\n\t\t\t\t<\/div>\n\t\t<div class=\"elementor-element elementor-element-e7f9de9 e-flex e-con-boxed e-con e-parent\" data-id=\"e7f9de9\" data-element_type=\"container\" data-e-type=\"container\">\n\t\t\t\t\t<div class=\"e-con-inner\">\n\t\t\t\t<div class=\"elementor-element elementor-element-bd89cfd elementor-widget-divider--view-line elementor-widget elementor-widget-divider\" data-id=\"bd89cfd\" data-element_type=\"widget\" data-e-type=\"widget\" data-widget_type=\"divider.default\">\n\t\t\t\t<div class=\"elementor-widget-container\">\n\t\t\t\t\t\t\t<div class=\"elementor-divider\">\n\t\t\t<span class=\"elementor-divider-separator\">\n\t\t\t\t\t\t<\/span>\n\t\t<\/div>\n\t\t\t\t\t\t<\/div>\n\t\t\t\t<\/div>\n\t\t\t\t\t<\/div>\n\t\t\t\t<\/div>\n\t\t<div class=\"elementor-element elementor-element-e8eefec e-flex e-con-boxed e-con e-parent\" data-id=\"e8eefec\" data-element_type=\"container\" data-e-type=\"container\">\n\t\t\t\t\t<div class=\"e-con-inner\">\n\t\t<div class=\"elementor-element elementor-element-32425cf e-con-full e-flex e-con e-child\" data-id=\"32425cf\" data-element_type=\"container\" data-e-type=\"container\">\n\t\t\t\t<div class=\"elementor-element elementor-element-309aa5d elementor-widget elementor-widget-text-editor\" data-id=\"309aa5d\" data-element_type=\"widget\" data-e-type=\"widget\" data-widget_type=\"text-editor.default\">\n\t\t\t\t<div class=\"elementor-widget-container\">\n\t\t\t\t\t\t\t\t\t<h3><strong>Certificaciones Org\u00e1nicas<\/strong><\/h3><h4><strong>Descargar Certificados<\/strong><\/h4><ul><li><a href=\"https:\/\/naturaljuice.com.ar\/njrn\/wp-content\/uploads\/2025\/07\/Organic-USDA-NOP.pdf\" target=\"_blank\" rel=\"noopener\"><strong>Org\u00e1nico NOP-USDA <img decoding=\"async\" class=\"alignnone wp-image-1841\" src=\"https:\/\/naturaljuice.com.ar\/njrn\/wp-content\/uploads\/2025\/07\/pdf-logo.png\" alt=\"\" width=\"22\" height=\"22\" srcset=\"https:\/\/naturaljuice.com.ar\/njrn\/wp-content\/uploads\/2025\/07\/pdf-logo.png 900w, https:\/\/naturaljuice.com.ar\/njrn\/wp-content\/uploads\/2025\/07\/pdf-logo-300x300.png 300w, https:\/\/naturaljuice.com.ar\/njrn\/wp-content\/uploads\/2025\/07\/pdf-logo-150x150.png 150w, https:\/\/naturaljuice.com.ar\/njrn\/wp-content\/uploads\/2025\/07\/pdf-logo-768x768.png 768w, https:\/\/naturaljuice.com.ar\/njrn\/wp-content\/uploads\/2025\/07\/pdf-logo-12x12.png 12w\" sizes=\"(max-width: 22px) 100vw, 22px\" \/><\/strong><\/a><\/li><li><a href=\"https:\/\/naturaljuice.com.ar\/njrn\/wp-content\/uploads\/2025\/07\/Organic-Ar-UE.pdf\" target=\"_blank\" rel=\"noopener\"><strong>Org\u00e1nico Ar-UE <img decoding=\"async\" class=\"alignnone wp-image-1841\" src=\"https:\/\/naturaljuice.com.ar\/njrn\/wp-content\/uploads\/2025\/07\/pdf-logo.png\" alt=\"\" width=\"22\" height=\"22\" srcset=\"https:\/\/naturaljuice.com.ar\/njrn\/wp-content\/uploads\/2025\/07\/pdf-logo.png 900w, https:\/\/naturaljuice.com.ar\/njrn\/wp-content\/uploads\/2025\/07\/pdf-logo-300x300.png 300w, https:\/\/naturaljuice.com.ar\/njrn\/wp-content\/uploads\/2025\/07\/pdf-logo-150x150.png 150w, https:\/\/naturaljuice.com.ar\/njrn\/wp-content\/uploads\/2025\/07\/pdf-logo-768x768.png 768w, https:\/\/naturaljuice.com.ar\/njrn\/wp-content\/uploads\/2025\/07\/pdf-logo-12x12.png 12w\" sizes=\"(max-width: 22px) 100vw, 22px\" \/><\/strong><\/a><\/li><li><a href=\"https:\/\/naturaljuice.com.ar\/njrn\/wp-content\/uploads\/2025\/07\/Organic-USDA-NOP-Addendum-Canada.pdf\" target=\"_blank\" rel=\"noopener\"><strong>Org\u00e1nico Canad\u00e1 <img decoding=\"async\" class=\"alignnone wp-image-1841\" src=\"https:\/\/naturaljuice.com.ar\/njrn\/wp-content\/uploads\/2025\/07\/pdf-logo.png\" alt=\"\" width=\"22\" height=\"22\" srcset=\"https:\/\/naturaljuice.com.ar\/njrn\/wp-content\/uploads\/2025\/07\/pdf-logo.png 900w, https:\/\/naturaljuice.com.ar\/njrn\/wp-content\/uploads\/2025\/07\/pdf-logo-300x300.png 300w, https:\/\/naturaljuice.com.ar\/njrn\/wp-content\/uploads\/2025\/07\/pdf-logo-150x150.png 150w, https:\/\/naturaljuice.com.ar\/njrn\/wp-content\/uploads\/2025\/07\/pdf-logo-768x768.png 768w, https:\/\/naturaljuice.com.ar\/njrn\/wp-content\/uploads\/2025\/07\/pdf-logo-12x12.png 12w\" sizes=\"(max-width: 22px) 100vw, 22px\" \/><\/strong><\/a><\/li><\/ul>\t\t\t\t\t\t\t\t<\/div>\n\t\t\t\t<\/div>\n\t\t\t\t<\/div>\n\t\t<div class=\"elementor-element elementor-element-1351242 e-con-full e-flex e-con e-child\" data-id=\"1351242\" data-element_type=\"container\" data-e-type=\"container\">\n\t\t\t\t<div class=\"elementor-element elementor-element-0ea19ba elementor-widget elementor-widget-image\" data-id=\"0ea19ba\" data-element_type=\"widget\" data-e-type=\"widget\" data-widget_type=\"image.default\">\n\t\t\t\t<div class=\"elementor-widget-container\">\n\t\t\t\t\t\t\t\t\t\t\t\t\t\t\t<img fetchpriority=\"high\" decoding=\"async\" width=\"300\" height=\"200\" src=\"https:\/\/naturaljuice.com.ar\/njrn\/wp-content\/uploads\/2025\/08\/LETIS-300x200.png\" class=\"attachment-medium size-medium wp-image-1950\" alt=\"\" srcset=\"https:\/\/naturaljuice.com.ar\/njrn\/wp-content\/uploads\/2025\/08\/LETIS-300x200.png 300w, https:\/\/naturaljuice.com.ar\/njrn\/wp-content\/uploads\/2025\/08\/LETIS-18x12.png 18w, https:\/\/naturaljuice.com.ar\/njrn\/wp-content\/uploads\/2025\/08\/LETIS.png 369w\" sizes=\"(max-width: 300px) 100vw, 300px\" \/>\t\t\t\t\t\t\t\t\t\t\t\t\t\t\t<\/div>\n\t\t\t\t<\/div>\n\t\t\t\t<\/div>\n\t\t\t\t\t<\/div>\n\t\t\t\t<\/div>\n\t\t<div class=\"elementor-element elementor-element-e59225f e-flex e-con-boxed e-con e-parent\" data-id=\"e59225f\" data-element_type=\"container\" data-e-type=\"container\">\n\t\t\t\t\t<div class=\"e-con-inner\">\n\t\t\t\t<div class=\"elementor-element elementor-element-e4dfcbe elementor-widget-divider--view-line elementor-widget elementor-widget-divider\" data-id=\"e4dfcbe\" data-element_type=\"widget\" data-e-type=\"widget\" data-widget_type=\"divider.default\">\n\t\t\t\t<div class=\"elementor-widget-container\">\n\t\t\t\t\t\t\t<div class=\"elementor-divider\">\n\t\t\t<span class=\"elementor-divider-separator\">\n\t\t\t\t\t\t<\/span>\n\t\t<\/div>\n\t\t\t\t\t\t<\/div>\n\t\t\t\t<\/div>\n\t\t\t\t\t<\/div>\n\t\t\t\t<\/div>\n\t\t<div class=\"elementor-element elementor-element-9d3f91b e-flex e-con-boxed e-con e-parent\" data-id=\"9d3f91b\" data-element_type=\"container\" data-e-type=\"container\">\n\t\t\t\t\t<div class=\"e-con-inner\">\n\t\t<div class=\"elementor-element elementor-element-3fb16c9 e-con-full e-flex e-con e-child\" data-id=\"3fb16c9\" data-element_type=\"container\" data-e-type=\"container\">\n\t\t\t\t<div class=\"elementor-element elementor-element-5adbcdf elementor-widget elementor-widget-text-editor\" data-id=\"5adbcdf\" data-element_type=\"widget\" data-e-type=\"widget\" data-widget_type=\"text-editor.default\">\n\t\t\t\t<div class=\"elementor-widget-container\">\n\t\t\t\t\t\t\t\t\t<h3>Certificaci\u00f3n Kosher\u00a0<\/h3><h4><strong>Descargar Certificado:<\/strong><\/h4><ul><li><a href=\"https:\/\/naturaljuice.com.ar\/njrn\/wp-content\/uploads\/2025\/07\/Kosher-Certificate.pdf\" target=\"_blank\" rel=\"noopener\"><strong>Kosher <img decoding=\"async\" class=\"alignnone wp-image-1841\" src=\"https:\/\/naturaljuice.com.ar\/njrn\/wp-content\/uploads\/2025\/07\/pdf-logo.png\" alt=\"\" width=\"22\" height=\"22\" srcset=\"https:\/\/naturaljuice.com.ar\/njrn\/wp-content\/uploads\/2025\/07\/pdf-logo.png 900w, https:\/\/naturaljuice.com.ar\/njrn\/wp-content\/uploads\/2025\/07\/pdf-logo-300x300.png 300w, https:\/\/naturaljuice.com.ar\/njrn\/wp-content\/uploads\/2025\/07\/pdf-logo-150x150.png 150w, https:\/\/naturaljuice.com.ar\/njrn\/wp-content\/uploads\/2025\/07\/pdf-logo-768x768.png 768w, https:\/\/naturaljuice.com.ar\/njrn\/wp-content\/uploads\/2025\/07\/pdf-logo-12x12.png 12w\" sizes=\"(max-width: 22px) 100vw, 22px\" \/><\/strong><\/a><\/li><\/ul>\t\t\t\t\t\t\t\t<\/div>\n\t\t\t\t<\/div>\n\t\t\t\t<\/div>\n\t\t<div class=\"elementor-element elementor-element-0785cac e-con-full e-flex e-con e-child\" data-id=\"0785cac\" data-element_type=\"container\" data-e-type=\"container\">\n\t\t\t\t<div class=\"elementor-element elementor-element-83cc290 elementor-widget elementor-widget-image\" data-id=\"83cc290\" data-element_type=\"widget\" data-e-type=\"widget\" data-widget_type=\"image.default\">\n\t\t\t\t<div class=\"elementor-widget-container\">\n\t\t\t\t\t\t\t\t\t\t\t\t\t\t\t<img loading=\"lazy\" decoding=\"async\" width=\"132\" height=\"172\" src=\"https:\/\/naturaljuice.com.ar\/njrn\/wp-content\/uploads\/2025\/08\/KOSHERPARVE.png\" class=\"attachment-medium size-medium wp-image-1956\" alt=\"\" srcset=\"https:\/\/naturaljuice.com.ar\/njrn\/wp-content\/uploads\/2025\/08\/KOSHERPARVE.png 132w, https:\/\/naturaljuice.com.ar\/njrn\/wp-content\/uploads\/2025\/08\/KOSHERPARVE-9x12.png 9w\" sizes=\"(max-width: 132px) 100vw, 132px\" \/>\t\t\t\t\t\t\t\t\t\t\t\t\t\t\t<\/div>\n\t\t\t\t<\/div>\n\t\t\t\t<\/div>\n\t\t\t\t\t<\/div>\n\t\t\t\t<\/div>\n\t\t<div class=\"elementor-element elementor-element-7a47573 e-flex e-con-boxed e-con e-parent\" data-id=\"7a47573\" data-element_type=\"container\" data-e-type=\"container\">\n\t\t\t\t\t<div class=\"e-con-inner\">\n\t\t\t\t<div class=\"elementor-element elementor-element-f9aac49 elementor-widget elementor-widget-text-editor\" data-id=\"f9aac49\" data-element_type=\"widget\" data-e-type=\"widget\" data-widget_type=\"text-editor.default\">\n\t\t\t\t<div class=\"elementor-widget-container\">\n\t\t\t\t\t\t\t\t\t<h3><strong>Responsabilidad Social Empresarial\u00a0<\/strong><\/h3><p>Natural Juice SA est\u00e1 fuertemente comprometido en contribuir al desarrollo sostenible, m\u00e1s all\u00e1 de su obligaciones legales. Por este motivo, se trabaja continuamente para integrar no s\u00f3lo los aspeectos en materia de calidad e inocuidad alimenticia, sino tambi\u00e9n en aquellos aspectos sociales, ambientales, \u00e9ticos y econ\u00f3micos, enfocados en:<\/p><ul><li>Mejorar la calidad de vida de todos nuestros colaboradores, as\u00ed como las comunidades,<\/li><li>Reducir el impacto ambiental propias de las actividades que desarrollamos,<\/li><li>Fomentar pr\u00e1cticas \u00e9ticas y transparentes no s\u00f3lo de forma interna sino en toda nuestra cadena y,<\/li><li>Contribuir al desarrollo sostenible.<\/li><\/ul>\t\t\t\t\t\t\t\t<\/div>\n\t\t\t\t<\/div>\n\t\t\t\t\t<\/div>\n\t\t\t\t<\/div>\n\t\t\t\t<\/div>\n\t\t","protected":false},"excerpt":{"rendered":"<p>CERTIFICACIONES Natural Juice SA cuenta con un equipo de trabajo de amplia experiencia y profesionalismo para tratar asuntos de control y aseguramiento de calidad, cumplimiento Legal, est\u00e1ndares de producci\u00f3n, aprobaci\u00f3n de proveedores y muchos otros factores involucrados en el suministro de ingredientes a las mejores compa\u00f1\u00edas de alimentos y bebidas del mundo. FSSC 2200 FSSC [&hellip;]<\/p>\n","protected":false},"author":1,"featured_media":0,"parent":0,"menu_order":0,"comment_status":"closed","ping_status":"closed","template":"","meta":{"site-sidebar-layout":"no-sidebar","site-content-layout":"page-builder","ast-site-content-layout":"full-width-container","site-content-style":"default","site-sidebar-style":"default","ast-global-header-display":"","ast-banner-title-visibility":"","ast-main-header-display":"","ast-hfb-above-header-display":"","ast-hfb-below-header-display":"","ast-hfb-mobile-header-display":"","site-post-title":"disabled","ast-breadcrumbs-content":"","ast-featured-img":"disabled","footer-sml-layout":"","theme-transparent-header-meta":"","adv-header-id-meta":"","stick-header-meta":"","header-above-stick-meta":"","header-main-stick-meta":"","header-below-stick-meta":"","astra-migrate-meta-layouts":"set","ast-page-background-enabled":"default","ast-page-background-meta":{"desktop":{"background-color":"","background-image":"","background-repeat":"repeat","background-position":"center center","background-size":"auto","background-attachment":"scroll","background-type":"","background-media":"","overlay-type":"","overlay-color":"","overlay-opacity":"","overlay-gradient":""},"tablet":{"background-color":"","background-image":"","background-repeat":"repeat","background-position":"center center","background-size":"auto","background-attachment":"scroll","background-type":"","background-media":"","overlay-type":"","overlay-color":"","overlay-opacity":"","overlay-gradient":""},"mobile":{"background-color":"","background-image":"","background-repeat":"repeat","background-position":"center center","background-size":"auto","background-attachment":"scroll","background-type":"","background-media":"","overlay-type":"","overlay-color":"","overlay-opacity":"","overlay-gradient":""}},"ast-content-background-meta":{"desktop":{"background-color":"var(--ast-global-color-5)","background-image":"","background-repeat":"repeat","background-position":"center center","background-size":"auto","background-attachment":"scroll","background-type":"","background-media":"","overlay-type":"","overlay-color":"","overlay-opacity":"","overlay-gradient":""},"tablet":{"background-color":"var(--ast-global-color-5)","background-image":"","background-repeat":"repeat","background-position":"center center","background-size":"auto","background-attachment":"scroll","background-type":"","background-media":"","overlay-type":"","overlay-color":"","overlay-opacity":"","overlay-gradient":""},"mobile":{"background-color":"var(--ast-global-color-5)","background-image":"","background-repeat":"repeat","background-position":"center center","background-size":"auto","background-attachment":"scroll","background-type":"","background-media":"","overlay-type":"","overlay-color":"","overlay-opacity":"","overlay-gradient":""}},"footnotes":""},"class_list":["post-1408","page","type-page","status-publish","hentry"],"_links":{"self":[{"href":"https:\/\/naturaljuice.com.ar\/njrn\/index.php?rest_route=\/wp\/v2\/pages\/1408","targetHints":{"allow":["GET"]}}],"collection":[{"href":"https:\/\/naturaljuice.com.ar\/njrn\/index.php?rest_route=\/wp\/v2\/pages"}],"about":[{"href":"https:\/\/naturaljuice.com.ar\/njrn\/index.php?rest_route=\/wp\/v2\/types\/page"}],"author":[{"embeddable":true,"href":"https:\/\/naturaljuice.com.ar\/njrn\/index.php?rest_route=\/wp\/v2\/users\/1"}],"replies":[{"embeddable":true,"href":"https:\/\/naturaljuice.com.ar\/njrn\/index.php?rest_route=%2Fwp%2Fv2%2Fcomments&post=1408"}],"version-history":[{"count":64,"href":"https:\/\/naturaljuice.com.ar\/njrn\/index.php?rest_route=\/wp\/v2\/pages\/1408\/revisions"}],"predecessor-version":[{"id":1959,"href":"https:\/\/naturaljuice.com.ar\/njrn\/index.php?rest_route=\/wp\/v2\/pages\/1408\/revisions\/1959"}],"wp:attachment":[{"href":"https:\/\/naturaljuice.com.ar\/njrn\/index.php?rest_route=%2Fwp%2Fv2%2Fmedia&parent=1408"}],"curies":[{"name":"wp","href":"https:\/\/api.w.org\/{rel}","templated":true}]}}