{"id":1612,"date":"2025-03-24T16:33:05","date_gmt":"2025-03-24T19:33:05","guid":{"rendered":"https:\/\/naturaljuice.com.ar\/njrn\/?page_id=1612"},"modified":"2025-03-24T16:35:15","modified_gmt":"2025-03-24T19:35:15","slug":"politica","status":"publish","type":"page","link":"https:\/\/naturaljuice.com.ar\/njrn\/?page_id=1612","title":{"rendered":"Pol\u00edtica"},"content":{"rendered":"\t\t<div data-elementor-type=\"wp-page\" data-elementor-id=\"1612\" class=\"elementor elementor-1612\" data-elementor-post-type=\"page\">\n\t\t\t\t<div class=\"elementor-element elementor-element-f269638 e-flex e-con-boxed e-con e-parent\" data-id=\"f269638\" data-element_type=\"container\" data-e-type=\"container\" data-settings=\"{&quot;background_background&quot;:&quot;classic&quot;}\">\n\t\t\t\t\t<div class=\"e-con-inner\">\n\t\t\t\t<div class=\"elementor-element elementor-element-760ba17 elementor-widget-divider--view-line elementor-widget elementor-widget-divider\" data-id=\"760ba17\" data-element_type=\"widget\" data-e-type=\"widget\" data-widget_type=\"divider.default\">\n\t\t\t\t<div class=\"elementor-widget-container\">\n\t\t\t\t\t\t\t<div class=\"elementor-divider\">\n\t\t\t<span class=\"elementor-divider-separator\">\n\t\t\t\t\t\t<\/span>\n\t\t<\/div>\n\t\t\t\t\t\t<\/div>\n\t\t\t\t<\/div>\n\t\t<div class=\"elementor-element elementor-element-45c3b78 e-con-full e-flex e-con e-child\" data-id=\"45c3b78\" data-element_type=\"container\" data-e-type=\"container\">\n\t\t\t\t<div class=\"elementor-element elementor-element-61dd78a elementor-widget elementor-widget-heading\" data-id=\"61dd78a\" data-element_type=\"widget\" data-e-type=\"widget\" data-widget_type=\"heading.default\">\n\t\t\t\t<div class=\"elementor-widget-container\">\n\t\t\t\t\t<h1 class=\"elementor-heading-title elementor-size-default\">POL\u00cdTICA<\/h1>\t\t\t\t<\/div>\n\t\t\t\t<\/div>\n\t\t\t\t<\/div>\n\t\t\t\t\t<\/div>\n\t\t\t\t<\/div>\n\t\t<div class=\"elementor-element elementor-element-fd9d01f e-flex e-con-boxed e-con e-parent\" data-id=\"fd9d01f\" data-element_type=\"container\" data-e-type=\"container\">\n\t\t\t\t\t<div class=\"e-con-inner\">\n\t\t<div class=\"elementor-element elementor-element-35d9e05 e-con-full e-flex e-con e-child\" data-id=\"35d9e05\" data-element_type=\"container\" data-e-type=\"container\">\n\t\t<div class=\"elementor-element elementor-element-038e6ba e-con-full e-flex e-con e-child\" data-id=\"038e6ba\" data-element_type=\"container\" data-e-type=\"container\">\n\t\t\t\t<div class=\"elementor-element elementor-element-273ca62 elementor-widget elementor-widget-text-editor\" data-id=\"273ca62\" data-element_type=\"widget\" data-e-type=\"widget\" data-widget_type=\"text-editor.default\">\n\t\t\t\t<div class=\"elementor-widget-container\">\n\t\t\t\t\t\t\t\t\t<p>Ofrecer un producto que satisfaga todas y cada una de las necesidades de nuestros clientes, asegurar procesos y servicios para brindar productos confiables con la calidad solicitada, promover la mejora constante del Sistema de Gesti\u00f3n de la Calidad y de los procesos de la organizaci\u00f3n.<\/p><p>Nuestra comercializaci\u00f3n se centraliza en las exportaciones que se realizan principalmente al mercado de los Estados Unidos de Norteam\u00e9rica para distintos clientes de ese mercado. Adem\u00e1s de ese mercado, los productos de Natural Juice SA llegan a otros rincones del mundo como Canad\u00e1, Brasil, entre otros. Natural Juice SA tiene una activa participaci\u00f3n en el mercado interno distribuyendo sus productos a diferentes plantas fabriles de toda la Argentina.<\/p>\t\t\t\t\t\t\t\t<\/div>\n\t\t\t\t<\/div>\n\t\t\t\t<\/div>\n\t\t<div class=\"elementor-element elementor-element-05df8e4 e-con-full e-flex e-con e-child\" data-id=\"05df8e4\" data-element_type=\"container\" data-e-type=\"container\">\n\t\t\t\t<div class=\"elementor-element elementor-element-e2beab8 elementor-widget elementor-widget-image\" data-id=\"e2beab8\" data-element_type=\"widget\" data-e-type=\"widget\" data-widget_type=\"image.default\">\n\t\t\t\t<div class=\"elementor-widget-container\">\n\t\t\t\t\t\t\t\t\t\t\t\t\t\t\t<img fetchpriority=\"high\" decoding=\"async\" width=\"400\" height=\"266\" src=\"https:\/\/naturaljuice.com.ar\/njrn\/wp-content\/uploads\/2025\/03\/DSC_0137-400x266-1.jpg\" class=\"attachment-large size-large wp-image-1614\" alt=\"\" srcset=\"https:\/\/naturaljuice.com.ar\/njrn\/wp-content\/uploads\/2025\/03\/DSC_0137-400x266-1.jpg 400w, https:\/\/naturaljuice.com.ar\/njrn\/wp-content\/uploads\/2025\/03\/DSC_0137-400x266-1-300x200.jpg 300w\" sizes=\"(max-width: 400px) 100vw, 400px\" \/>\t\t\t\t\t\t\t\t\t\t\t\t\t\t\t<\/div>\n\t\t\t\t<\/div>\n\t\t\t\t<\/div>\n\t\t\t\t<\/div>\n\t\t\t\t\t<\/div>\n\t\t\t\t<\/div>\n\t\t\t\t<\/div>\n\t\t","protected":false},"excerpt":{"rendered":"<p>POL\u00cdTICA Ofrecer un producto que satisfaga todas y cada una de las necesidades de nuestros clientes, asegurar procesos y servicios para brindar productos confiables con la calidad solicitada, promover la mejora constante del Sistema de Gesti\u00f3n de la Calidad y de los procesos de la organizaci\u00f3n. Nuestra comercializaci\u00f3n se centraliza en las exportaciones que se [&hellip;]<\/p>\n","protected":false},"author":1,"featured_media":0,"parent":0,"menu_order":0,"comment_status":"closed","ping_status":"closed","template":"elementor_header_footer","meta":{"site-sidebar-layout":"no-sidebar","site-content-layout":"page-builder","ast-site-content-layout":"full-width-container","site-content-style":"default","site-sidebar-style":"default","ast-global-header-display":"","ast-banner-title-visibility":"","ast-main-header-display":"","ast-hfb-above-header-display":"","ast-hfb-below-header-display":"","ast-hfb-mobile-header-display":"","site-post-title":"disabled","ast-breadcrumbs-content":"","ast-featured-img":"disabled","footer-sml-layout":"","theme-transparent-header-meta":"","adv-header-id-meta":"","stick-header-meta":"","header-above-stick-meta":"","header-main-stick-meta":"","header-below-stick-meta":"","astra-migrate-meta-layouts":"set","ast-page-background-enabled":"default","ast-page-background-meta":{"desktop":{"background-color":"","background-image":"","background-repeat":"repeat","background-position":"center center","background-size":"auto","background-attachment":"scroll","background-type":"","background-media":"","overlay-type":"","overlay-color":"","overlay-opacity":"","overlay-gradient":""},"tablet":{"background-color":"","background-image":"","background-repeat":"repeat","background-position":"center center","background-size":"auto","background-attachment":"scroll","background-type":"","background-media":"","overlay-type":"","overlay-color":"","overlay-opacity":"","overlay-gradient":""},"mobile":{"background-color":"","background-image":"","background-repeat":"repeat","background-position":"center center","background-size":"auto","background-attachment":"scroll","background-type":"","background-media":"","overlay-type":"","overlay-color":"","overlay-opacity":"","overlay-gradient":""}},"ast-content-background-meta":{"desktop":{"background-color":"var(--ast-global-color-5)","background-image":"","background-repeat":"repeat","background-position":"center center","background-size":"auto","background-attachment":"scroll","background-type":"","background-media":"","overlay-type":"","overlay-color":"","overlay-opacity":"","overlay-gradient":""},"tablet":{"background-color":"var(--ast-global-color-5)","background-image":"","background-repeat":"repeat","background-position":"center center","background-size":"auto","background-attachment":"scroll","background-type":"","background-media":"","overlay-type":"","overlay-color":"","overlay-opacity":"","overlay-gradient":""},"mobile":{"background-color":"var(--ast-global-color-5)","background-image":"","background-repeat":"repeat","background-position":"center center","background-size":"auto","background-attachment":"scroll","background-type":"","background-media":"","overlay-type":"","overlay-color":"","overlay-opacity":"","overlay-gradient":""}},"footnotes":""},"class_list":["post-1612","page","type-page","status-publish","hentry"],"_links":{"self":[{"href":"https:\/\/naturaljuice.com.ar\/njrn\/index.php?rest_route=\/wp\/v2\/pages\/1612","targetHints":{"allow":["GET"]}}],"collection":[{"href":"https:\/\/naturaljuice.com.ar\/njrn\/index.php?rest_route=\/wp\/v2\/pages"}],"about":[{"href":"https:\/\/naturaljuice.com.ar\/njrn\/index.php?rest_route=\/wp\/v2\/types\/page"}],"author":[{"embeddable":true,"href":"https:\/\/naturaljuice.com.ar\/njrn\/index.php?rest_route=\/wp\/v2\/users\/1"}],"replies":[{"embeddable":true,"href":"https:\/\/naturaljuice.com.ar\/njrn\/index.php?rest_route=%2Fwp%2Fv2%2Fcomments&post=1612"}],"version-history":[{"count":4,"href":"https:\/\/naturaljuice.com.ar\/njrn\/index.php?rest_route=\/wp\/v2\/pages\/1612\/revisions"}],"predecessor-version":[{"id":1617,"href":"https:\/\/naturaljuice.com.ar\/njrn\/index.php?rest_route=\/wp\/v2\/pages\/1612\/revisions\/1617"}],"wp:attachment":[{"href":"https:\/\/naturaljuice.com.ar\/njrn\/index.php?rest_route=%2Fwp%2Fv2%2Fmedia&parent=1612"}],"curies":[{"name":"wp","href":"https:\/\/api.w.org\/{rel}","templated":true}]}}