{"id":1643,"date":"2025-03-25T00:24:47","date_gmt":"2025-03-25T03:24:47","guid":{"rendered":"https:\/\/naturaljuice.com.ar\/njrn\/?page_id=1643"},"modified":"2025-03-25T00:26:42","modified_gmt":"2025-03-25T03:26:42","slug":"laboratorio","status":"publish","type":"page","link":"https:\/\/naturaljuice.com.ar\/njrn\/?page_id=1643","title":{"rendered":"LABORATORIO"},"content":{"rendered":"\t\t<div data-elementor-type=\"wp-page\" data-elementor-id=\"1643\" class=\"elementor elementor-1643\" data-elementor-post-type=\"page\">\n\t\t\t\t<div class=\"elementor-element elementor-element-6d86a9e e-flex e-con-boxed e-con e-parent\" data-id=\"6d86a9e\" data-element_type=\"container\" data-e-type=\"container\" data-settings=\"{&quot;background_background&quot;:&quot;classic&quot;}\">\n\t\t\t\t\t<div class=\"e-con-inner\">\n\t\t\t\t<div class=\"elementor-element elementor-element-e2f977a elementor-widget-divider--view-line elementor-widget elementor-widget-divider\" data-id=\"e2f977a\" data-element_type=\"widget\" data-e-type=\"widget\" data-widget_type=\"divider.default\">\n\t\t\t\t<div class=\"elementor-widget-container\">\n\t\t\t\t\t\t\t<div class=\"elementor-divider\">\n\t\t\t<span class=\"elementor-divider-separator\">\n\t\t\t\t\t\t<\/span>\n\t\t<\/div>\n\t\t\t\t\t\t<\/div>\n\t\t\t\t<\/div>\n\t\t<div class=\"elementor-element elementor-element-57f86fb e-con-full e-flex e-con e-child\" data-id=\"57f86fb\" data-element_type=\"container\" data-e-type=\"container\">\n\t\t\t\t<div class=\"elementor-element elementor-element-9baf025 elementor-widget elementor-widget-heading\" data-id=\"9baf025\" data-element_type=\"widget\" data-e-type=\"widget\" data-widget_type=\"heading.default\">\n\t\t\t\t<div class=\"elementor-widget-container\">\n\t\t\t\t\t<h1 class=\"elementor-heading-title elementor-size-default\">LABORATORIO<\/h1>\t\t\t\t<\/div>\n\t\t\t\t<\/div>\n\t\t\t\t<\/div>\n\t\t\t\t\t<\/div>\n\t\t\t\t<\/div>\n\t\t<div class=\"elementor-element elementor-element-6dd1e54 e-flex e-con-boxed e-con e-parent\" data-id=\"6dd1e54\" data-element_type=\"container\" data-e-type=\"container\">\n\t\t\t\t\t<div class=\"e-con-inner\">\n\t\t<div class=\"elementor-element elementor-element-ceb7007 e-con-full e-flex e-con e-child\" data-id=\"ceb7007\" data-element_type=\"container\" data-e-type=\"container\">\n\t\t\t\t<div class=\"elementor-element elementor-element-f0b2da7 elementor-widget elementor-widget-text-editor\" data-id=\"f0b2da7\" data-element_type=\"widget\" data-e-type=\"widget\" data-widget_type=\"text-editor.default\">\n\t\t\t\t<div class=\"elementor-widget-container\">\n\t\t\t\t\t\t\t\t\t<p>Natural Juice SA cuenta con un laboratorio con instrumentos de \u00faltima generaci\u00f3n. Profesionales experimentados realizan an\u00e1lisis f\u00edsicos, qu\u00edmicos, microbiol\u00f3gicos y sensoriales para garantizar que los productos cumplan con los est\u00e1ndares m\u00e1s estrictos de la industria.<\/p><p>Nuestras capacidades anal\u00edticas avanzadas permiten un control preciso sobre todas las l\u00edneas de procesos, lo que nos permite cuantificar y garantizar trazabilidad como parte de nuestro estricto programa de control de procesos.\u00a0Junto con nuestra capacidad para gestionar y analizar todo el flujo de productos desde la tierra hasta el producto final, nos aseguramos de que nuestros clientes reciban un producto de alta calidad y conforme a sus requerimientos<\/p>\t\t\t\t\t\t\t\t<\/div>\n\t\t\t\t<\/div>\n\t\t\t\t<\/div>\n\t\t<div class=\"elementor-element elementor-element-c480cac e-con-full e-flex e-con e-child\" data-id=\"c480cac\" data-element_type=\"container\" data-e-type=\"container\">\n\t\t\t\t<div class=\"elementor-element elementor-element-e7c2d46 elementor-widget elementor-widget-image\" data-id=\"e7c2d46\" data-element_type=\"widget\" data-e-type=\"widget\" data-widget_type=\"image.default\">\n\t\t\t\t<div class=\"elementor-widget-container\">\n\t\t\t\t\t\t\t\t\t\t\t\t\t\t\t<img fetchpriority=\"high\" decoding=\"async\" width=\"300\" height=\"199\" src=\"https:\/\/naturaljuice.com.ar\/njrn\/wp-content\/uploads\/2025\/03\/LABORATORIO.jpg\" class=\"attachment-large size-large wp-image-1645\" alt=\"\" \/>\t\t\t\t\t\t\t\t\t\t\t\t\t\t\t<\/div>\n\t\t\t\t<\/div>\n\t\t\t\t<\/div>\n\t\t\t\t\t<\/div>\n\t\t\t\t<\/div>\n\t\t\t\t<\/div>\n\t\t","protected":false},"excerpt":{"rendered":"<p>LABORATORIO Natural Juice SA cuenta con un laboratorio con instrumentos de \u00faltima generaci\u00f3n. Profesionales experimentados realizan an\u00e1lisis f\u00edsicos, qu\u00edmicos, microbiol\u00f3gicos y sensoriales para garantizar que los productos cumplan con los est\u00e1ndares m\u00e1s estrictos de la industria. Nuestras capacidades anal\u00edticas avanzadas permiten un control preciso sobre todas las l\u00edneas de procesos, lo que nos permite cuantificar [&hellip;]<\/p>\n","protected":false},"author":1,"featured_media":0,"parent":0,"menu_order":0,"comment_status":"closed","ping_status":"closed","template":"elementor_header_footer","meta":{"site-sidebar-layout":"no-sidebar","site-content-layout":"page-builder","ast-site-content-layout":"full-width-container","site-content-style":"default","site-sidebar-style":"default","ast-global-header-display":"","ast-banner-title-visibility":"","ast-main-header-display":"","ast-hfb-above-header-display":"","ast-hfb-below-header-display":"","ast-hfb-mobile-header-display":"","site-post-title":"disabled","ast-breadcrumbs-content":"","ast-featured-img":"disabled","footer-sml-layout":"","theme-transparent-header-meta":"","adv-header-id-meta":"","stick-header-meta":"","header-above-stick-meta":"","header-main-stick-meta":"","header-below-stick-meta":"","astra-migrate-meta-layouts":"set","ast-page-background-enabled":"default","ast-page-background-meta":{"desktop":{"background-color":"","background-image":"","background-repeat":"repeat","background-position":"center center","background-size":"auto","background-attachment":"scroll","background-type":"","background-media":"","overlay-type":"","overlay-color":"","overlay-opacity":"","overlay-gradient":""},"tablet":{"background-color":"","background-image":"","background-repeat":"repeat","background-position":"center center","background-size":"auto","background-attachment":"scroll","background-type":"","background-media":"","overlay-type":"","overlay-color":"","overlay-opacity":"","overlay-gradient":""},"mobile":{"background-color":"","background-image":"","background-repeat":"repeat","background-position":"center center","background-size":"auto","background-attachment":"scroll","background-type":"","background-media":"","overlay-type":"","overlay-color":"","overlay-opacity":"","overlay-gradient":""}},"ast-content-background-meta":{"desktop":{"background-color":"var(--ast-global-color-5)","background-image":"","background-repeat":"repeat","background-position":"center center","background-size":"auto","background-attachment":"scroll","background-type":"","background-media":"","overlay-type":"","overlay-color":"","overlay-opacity":"","overlay-gradient":""},"tablet":{"background-color":"var(--ast-global-color-5)","background-image":"","background-repeat":"repeat","background-position":"center center","background-size":"auto","background-attachment":"scroll","background-type":"","background-media":"","overlay-type":"","overlay-color":"","overlay-opacity":"","overlay-gradient":""},"mobile":{"background-color":"var(--ast-global-color-5)","background-image":"","background-repeat":"repeat","background-position":"center center","background-size":"auto","background-attachment":"scroll","background-type":"","background-media":"","overlay-type":"","overlay-color":"","overlay-opacity":"","overlay-gradient":""}},"footnotes":""},"class_list":["post-1643","page","type-page","status-publish","hentry"],"_links":{"self":[{"href":"https:\/\/naturaljuice.com.ar\/njrn\/index.php?rest_route=\/wp\/v2\/pages\/1643","targetHints":{"allow":["GET"]}}],"collection":[{"href":"https:\/\/naturaljuice.com.ar\/njrn\/index.php?rest_route=\/wp\/v2\/pages"}],"about":[{"href":"https:\/\/naturaljuice.com.ar\/njrn\/index.php?rest_route=\/wp\/v2\/types\/page"}],"author":[{"embeddable":true,"href":"https:\/\/naturaljuice.com.ar\/njrn\/index.php?rest_route=\/wp\/v2\/users\/1"}],"replies":[{"embeddable":true,"href":"https:\/\/naturaljuice.com.ar\/njrn\/index.php?rest_route=%2Fwp%2Fv2%2Fcomments&post=1643"}],"version-history":[{"count":4,"href":"https:\/\/naturaljuice.com.ar\/njrn\/index.php?rest_route=\/wp\/v2\/pages\/1643\/revisions"}],"predecessor-version":[{"id":1648,"href":"https:\/\/naturaljuice.com.ar\/njrn\/index.php?rest_route=\/wp\/v2\/pages\/1643\/revisions\/1648"}],"wp:attachment":[{"href":"https:\/\/naturaljuice.com.ar\/njrn\/index.php?rest_route=%2Fwp%2Fv2%2Fmedia&parent=1643"}],"curies":[{"name":"wp","href":"https:\/\/api.w.org\/{rel}","templated":true}]}}